{"id":5693,"date":"2016-12-10T15:49:23","date_gmt":"2016-12-10T08:49:23","guid":{"rendered":"https:\/\/cattienjunglelodge.com\/vi\/?page_id=5693"},"modified":"2016-12-14T17:03:17","modified_gmt":"2016-12-14T10:03:17","slug":"ve-chung-toi","status":"publish","type":"page","link":"https:\/\/cattienjunglelodge.com\/vi\/ve-chung-toi\/","title":{"rendered":"V\u1ec1 Ch\u00fang T\u00f4i"},"content":{"rendered":"<p>[et_pb_section admin_label=&#8221;section&#8221; background_image=&#8221;\/wp-content\/uploads\/2016\/08\/Insect2-overlay.jpg&#8221; transparent_background=&#8221;off&#8221; allow_player_pause=&#8221;off&#8221; inner_shadow=&#8221;off&#8221; parallax=&#8221;off&#8221; parallax_method=&#8221;off&#8221; padding_mobile=&#8221;off&#8221; make_fullwidth=&#8221;off&#8221; use_custom_width=&#8221;off&#8221; width_unit=&#8221;on&#8221; make_equal=&#8221;off&#8221; use_custom_gutter=&#8221;off&#8221; module_class=&#8221;getting-here bg-overlay&#8221; background_color=&#8221;#ffffff&#8221;][et_pb_row admin_label=&#8221;Row&#8221; make_fullwidth=&#8221;on&#8221; use_custom_width=&#8221;off&#8221; width_unit=&#8221;on&#8221; use_custom_gutter=&#8221;off&#8221; padding_mobile=&#8221;off&#8221; allow_player_pause=&#8221;off&#8221; parallax=&#8221;off&#8221; parallax_method=&#8221;off&#8221; make_equal=&#8221;off&#8221; parallax_1=&#8221;off&#8221; parallax_method_1=&#8221;off&#8221; parallax_2=&#8221;off&#8221; parallax_method_2=&#8221;off&#8221; column_padding_mobile=&#8221;on&#8221; custom_padding=&#8221;6%|||&#8221; custom_padding_tablet=&#8221;||0px|&#8221; custom_padding_last_edited=&#8221;on|phone&#8221;][et_pb_column type=&#8221;4_4&#8243;][et_pb_text admin_label=&#8221;About US Intro&#8221; background_layout=&#8221;dark&#8221; text_orientation=&#8221;left&#8221; use_border_color=&#8221;off&#8221; border_color=&#8221;#ffffff&#8221; border_style=&#8221;solid&#8221; module_class=&#8221;header&#8221;]<\/p>\n<h1>V\u1ec0 CH\u00daNG T\u00d4I<\/h1>\n<p>C\u00e1t Ti\u00ean Jungle Lodge m\u1eddi t\u1ea5t c\u1ea3 m\u1ecdi ng\u01b0\u1eddi, du kh\u00e1ch phi\u00eau l\u01b0u \u0111\u1ebfn kh\u00e1m ph\u00e1 nh\u1eefng \u0111i\u1ec1u nhi\u1ec7m m\u00e0u c\u1ee7a thi\u00ean nhi\u00ean, \u0111\u1ec3 nh\u1eadn ra s\u1ef1 h\u00f9ng v\u0129, v\u00e0 \u0111\u1eafm m\u00ecnh v\u00e0o v\u1ebb \u0111\u1eb9p c\u1ee7a r\u1eebng. H\u01a1n h\u00eat, n\u1ebfu b\u1ea1n l\u00e0 m\u1ed9t ng\u01b0\u1eddi \u0111am m\u00ea, lu\u00f4n khao kh\u00e1t trao \u0111\u1ed5i, t\u00edch l\u0169y th\u00eam th\u00f4ng tin v\u1ec1 t\u1ef1 nhi\u00ean, h\u00e3y c\u00f9ng ch\u00fang t\u00f4i n\u1ed7 l\u1ef1c b\u1ea3o v\u1ec7 v\u00e0 duy tr\u00ec n\u00f3 cho t\u01b0\u01a1ng lai.  Jungle Lodge n\u1eb1m c\u1ea1nh V\u01b0\u1eddn Qu\u1ed1c Gia C\u00e1t Ti\u00ean, kho\u1ea3ng 150 km v\u1ec1 ph\u00eda \u0110\u00f4ng Nam (kho\u1ea3ng 2 ti\u1ebfng 30 ph\u00fat l\u00e1i xe) t\u1eeb Th\u00e0nh ph\u1ed1 H\u1ed3 Ch\u00ed Minh.<\/p>\n<p>[\/et_pb_text][\/et_pb_column][\/et_pb_row][et_pb_row admin_label=&#8221;Row&#8221; make_fullwidth=&#8221;off&#8221; use_custom_width=&#8221;on&#8221; width_unit=&#8221;off&#8221; use_custom_gutter=&#8221;on&#8221; padding_mobile=&#8221;off&#8221; allow_player_pause=&#8221;off&#8221; parallax=&#8221;off&#8221; parallax_method=&#8221;off&#8221; make_equal=&#8221;off&#8221; parallax_1=&#8221;off&#8221; parallax_method_1=&#8221;off&#8221; column_padding_mobile=&#8221;on&#8221; module_class=&#8221;information-tab&#8221; custom_width_percent=&#8221;97%&#8221; gutter_width=&#8221;1&#8243; custom_padding=&#8221;||15%|&#8221;][et_pb_column type=&#8221;4_4&#8243;][et_pb_tabs admin_label=&#8221;About Us&#8221; use_border_color=&#8221;off&#8221; border_color=&#8221;#ffffff&#8221; border_style=&#8221;solid&#8221; background_color=&#8221;rgba(28,28,28,0)&#8221; tab_font_size=&#8221;18&#8243; module_class=&#8221;about-us&#8221;]<\/p>\n<p>[et_pb_tab title=&#8221;V\u01af\u1edcN QU\u1ed0C GIA C\u00c1T TI\u00caN&#8221; tab_font_select=&#8221;default&#8221; tab_font=&#8221;||||&#8221; tab_line_height=&#8221;2em&#8221; tab_line_height_tablet=&#8221;2em&#8221; tab_line_height_phone=&#8221;2em&#8221; body_font_select=&#8221;default&#8221; body_font=&#8221;||||&#8221; body_line_height=&#8221;2em&#8221; body_line_height_tablet=&#8221;2em&#8221; body_line_height_phone=&#8221;2em&#8221;]<\/p>\n<div class=\"row last\">\n<div class=\"col-sm-4\">\n<h4>V\u01b0\u1eddn Qu\u1ed1c Gia C\u00e1t Ti\u00ean<\/h4>\n<\/p><\/div>\n<div class=\"col-sm-8\">\n<div class=\"getting-here-desc last\">\n<p>V\u01b0\u1eddn Qu\u1ed1c gia C\u00e1t Ti\u00ean l\u00e0 m\u1ed9t trong s\u00e1u khu d\u1ef1 tr\u1eef sinh quy\u1ec3n \u0111\u01b0\u1ee3c UNESCO c\u00f4ng nh\u1eadn t\u1ea1i Vi\u1ec7t Nam. T\u1ea1i \u0111\u00e2y kh\u00e1ch tham quan c\u00f3 th\u1ec3 t\u00ecm th\u1ea5y m\u1ed9t trong t\u00e1m v\u00f9ng \u0111\u1ea5t ng\u1eadp n\u01b0\u1edbc theo C\u00f4ng \u01b0\u1edbc Ramsar \u1edf Vi\u1ec7t Nam (@ B\u1ea7u S\u1ea5u\/ Crocodile Lake). Kh\u00f4ng nh\u1eefng v\u1eady, V\u01b0\u1eddn Qu\u1ed1c Gia c\u00f2n l\u00e0 n\u01a1i c\u01b0 tr\u00fa c\u1ee7a r\u1ea5t nhi\u1ec1u lo\u00e0i chim xinh \u0111\u1eb9p, b\u00f2 s\u00e1t, c\u00e1c lo\u00e0i l\u01b0\u1ee1ng c\u01b0 v\u00e0 c\u00f4n tr\u00f9ng. B\u1ea1n s\u1ebd c\u00f3 c\u01a1 h\u1ed9i h\u00f2a m\u00ecnh v\u00e0o s\u1ef1 \u0111a d\u1ea1ng sinh h\u1ecdc v\u00f4 c\u00f9ng gi\u00e0u c\u00f3 c\u1ee7a r\u1eebng m\u01b0a nhi\u1ec7t \u0111\u1edbi n\u01a1i \u0111\u1eddi s\u1ed1ng c\u1ee7a c\u00e1c lo\u00e0i \u0111\u1ed9ng v\u1eadt hoang d\u00e3 \u0111ang di\u1ec5n ra khi b\u1ea1n m\u1ea1o hi\u1ec3m v\u00e0o s\u00e2u trong r\u1eebng. B\u00ean c\u1ea1nh \u0111\u00f3, t\u1ea1i \u0111\u00e2y c\u00f2n c\u00f3 m\u1ed9t c\u1ed9ng \u0111\u1ed3ng nh\u1ecf nh\u1eefng ng\u01b0\u1eddi d\u00e2n t\u1ed9c thi\u1ec3u s\u1ed1 c\u1ee7a c\u00e1c b\u1ed9 l\u1ea1c nh\u01b0 Stieng, T\u1ea7y &amp; M\u1ea1, h\u1ecd sinh s\u1ed1ng xung quanh b\u00eca r\u1eebng v\u01b0\u1eddn Qu\u1ed1c Gia. <\/p>\n<p>R\u1eebng Qu\u1ed1c Gia C\u00e1t Ti\u00ean \u0111ang n\u1eafm gi\u1eef m\u1ed9t ngu\u1ed3n d\u1eef tr\u1eef gien \u0111\u1ed9ng th\u1ef1c v\u1eadt thi\u00ean nhi\u00ean cho Vi\u1ec7t Nam, n\u01a1i m\u00e0 c\u00e1c lo\u00e0i \u0111\u1ed9ng th\u1ef1c v\u1eadt \u0111\u1eb7c h\u1eefu v\u00e0 qu\u00fd hi\u1ebfm \u0111\u01b0\u1ee3c b\u1ea3o t\u1ed3n trong v\u00f9ng \u0111\u1ea5t r\u1ed9ng 71.920 hecta c\u1ee7a V\u01b0\u1eddn. Nh\u1eefng \u0111\u1eb7c tr\u01b0ng v\u1ec1 \u0111\u1ecba l\u00fd, kh\u00ed h\u1eadu, v\u00e0 kh\u1ea3 n\u0103ng th\u00edch h\u1ee3p cho n\u0103m lo\u1ea1i r\u1eebng kh\u00e1c nhau l\u00e0 nh\u1eefng y\u1ebfu t\u1ed1 g\u00f3p ph\u1ea7n l\u00e0m V\u01b0\u1eddn Qu\u1ed1c Gia C\u00e1t Ti\u00ean tr\u1edf th\u00e0nh nh\u00e0 c\u1ee7a \u0111a d\u1ea1ng c\u00e1c lo\u00e0i \u0111\u1ed9ng th\u1ef1c v\u1eadt. V\u01b0\u1eddn n\u1ed1i ti\u1ebfp v\u00f9ng \u0111\u1ea5t cao Nam Tr\u01b0\u1eddng S\u01a1n v\u1edbi \u0110\u1ed3ng b\u1eb1ng Nam b\u1ed9 t\u1ea1o n\u00ean h\u1ec7 sinh th\u00e1i \u0111\u1eb7c bi\u1ec7t n\u00e0y.<\/p>\n<\/p><\/div>\n<\/p><\/div>\n<\/div>\n<p>[\/et_pb_tab][et_pb_tab title=&#8221;C\u00c2U CHUY\u1ec6N JUNGLE LODGE&#8221; tab_font_select=&#8221;default&#8221; tab_font=&#8221;||||&#8221; tab_line_height=&#8221;2em&#8221; tab_line_height_tablet=&#8221;2em&#8221; tab_line_height_phone=&#8221;2em&#8221; body_font_select=&#8221;default&#8221; body_font=&#8221;||||&#8221; body_line_height=&#8221;2em&#8221; body_line_height_tablet=&#8221;2em&#8221; body_line_height_phone=&#8221;2em&#8221;]<\/p>\n<div class=\"row last\">\n<div class=\"col-sm-4\">\n<h4>C\u00e2u chuy\u1ec7n Jungle Lodge<\/h4>\n<\/p><\/div>\n<div class=\"col-sm-8\">\n<div class=\"getting-here-desc last\">\n<p>\u00dd t\u01b0\u1edfng x\u00e2y d\u1ef1ng h\u00e0nh tr\u00ecnh Jungle Lodge b\u1eaft ngu\u1ed3n t\u1eeb \u00f4ng Gary Leong \u2013 m\u1ed9t trong nh\u1eefng th\u00e0nh vi\u00ean s\u00e1ng l\u1eadp, v\u1ecb kh\u00e1ch th\u01b0\u1eddng xuy\u00ean vi\u1ebfng th\u0103m V\u01b0\u1eddn Qu\u1ed1c Gia C\u00e1t Ti\u00ean. T\u1eeb n\u0103m 1996, b\u1ea5t c\u1ee9 khi n\u00e0o c\u00f3 c\u01a1 h\u1ed9i d\u00e0nh th\u1eddi gian th\u01b0 gi\u1ea3n, t\u1ea1m g\u00e1c c\u00f4ng vi\u1ec7c c\u1ee7a m\u00ecnh sang m\u1ed9t b\u00ean, Gary d\u00e0nh th\u1eddi gian \u0111\u1ec3 xem chim, t\u00ecm ki\u1ebfm nh\u1eefng con \u0111\u01b0\u1eddng m\u1edbi, \u0111\u1ea1p xe leo n\u00fai, ho\u1eb7c \u0111\u01a1n gi\u1ea3n l\u00e0 c\u1ea5m tr\u1ea1i c\u00f9ng nh\u1eefng ng\u01b0\u1eddi ki\u1ec3m l\u00e2m trong V\u01b0\u1eddn.\n\t\t\t<\/p>\n<p>Nh\u1eadn th\u1ee9c \u0111\u01b0\u1ee3c nh\u1eefng v\u00f9ng \u0111\u1ea5t thi\u00ean nhi\u00ean tr\u00ean th\u1ebf gi\u1edbi v\u00e0 h\u1ec7 sinh th\u00e1i \u0111ang b\u1ecb t\u00e0n ph\u00e1 b\u1edfi s\u1ef1 gia t\u0103ng qu\u00e1 l\u1edbn c\u1ee7a d\u00e2n s\u1ed1, l\u00f2ng tham v\u00e0 s\u1ef1 thi\u1ebfu hi\u1ec3u bi\u1ebft v\u1ec1 b\u1ea3o t\u1ed3n thi\u00ean nhi\u00ean, Gary \u0111\u00e3 \u0111\u1eb7t cho m\u00ecnh s\u1ee9 m\u1ec7nh g\u00f3p ph\u1ea7n n\u00e2ng cao s\u1ef1 nh\u1eadn th\u1ee9c v\u00e0 s\u1ef1 b\u1ea3o t\u1ed3n cho th\u1ebf gi\u1edbi hoang d\u00e3 c\u1ee7a ch\u00fang ta ng\u00e0y m\u1ed9t t\u1ed1t h\u01a1n.\n\t\t\t<\/p>\n<p>Bi\u1ebft c\u00e0ng nhi\u1ec1u v\u1ec1 m\u1eb9 thi\u00ean nhi\u00ean, ta s\u1ebd \u00edt s\u1ee3 h\u00e3i h\u01a1n, v\u00e0 h\u01a1n n\u1eefa ch\u00fang ta s\u1ebd tr\u00e2n tr\u1ecdng v\u1ebb \u0111\u1eb9p v\u00e0 nh\u1eefng k\u1ef3 quan c\u1ee7a t\u1ea1o h\u00f3a. Ch\u1ec9 khi tr\u1edf n\u00ean g\u1ea7n g\u0169i v\u1edbi thi\u00ean nhi\u00ean, ch\u00fang ta m\u1edbi c\u00f3 \u0111\u1ed9ng l\u1ef1c \u0111\u1ec3 b\u1ea3o t\u1ed3n v\u00e0 b\u1ea3o v\u1ec7 thi\u00ean nhi\u00ean v\u00e0 sinh v\u1eadt s\u1ed1ng quanh ta.\n\t\t\t<\/p>\n<p>\u00dd t\u01b0\u1edfng tr\u00ean s\u1ebd kh\u00f4ng th\u1ec3 n\u00e0o \u0111\u1ea1t \u0111\u01b0\u1ee3c n\u1ebfu kh\u00f4ng c\u00f3 nh\u00e0 s\u00e1ng l\u1eadp th\u1ee9 hai \u2013 b\u00e0 D\u01b0\u01a1ng Th\u1ecb Ng\u1ecdc Ph\u01b0\u01a1ng. \u201cCh\u1ecb Ph\u01b0\u01a1ng\u201d c\u00e1ch m\u00e0 m\u1ecdi ng\u01b0\u1eddi v\u1eabn g\u1ecdi c\u00f4 \u1ea5y, l\u00e0 m\u1ed9t ng\u01b0\u1eddi \u0111\u1ed1c c\u00f4ng v\u00e0 c\u0169ng l\u00e0 gi\u1ea3i quy\u1ebft nh\u1eefng r\u1eafc r\u1ed1i, n\u1ebfu kh\u00f4ng c\u00f3 ch\u1ecb, Jungle Lodge c\u1ee7a ch\u00fang t\u00f4i \u0111\u00e3 g\u1eb7p r\u1ea5t nhi\u1ec1u kh\u00f3 kh\u0103n khi kh\u1edfi d\u1ef1ng. L\u1ea7n \u0111\u1ea7u ti\u1ec1n ch\u1ecb tham gia m\u1ed9t d\u1ef1 \u00e1n canh m\u1ed9t khu r\u1eebng l\u1edbn c\u1ee7a Vi\u1ec7t Nam \u0111\u00e3 b\u1eaft \u0111\u1ea7u ph\u00e1t tri\u1ec3n sau r\u1ea5t nhi\u1ec1u l\u1ea7n vi\u1ebfng th\u0103m VQG. Ch\u1ecb nh\u1eadn th\u1ee9c \u0111\u01b0\u1ee3c v\u1ebb \u0111\u1eb9p thi\u00ean nhi\u00ean c\u1ee7a VQG v\u00e0 \u0111\u1eddi s\u1ed1ng mi\u1ec1n qu\u00ea \u0111\u00e3 tr\u1edf th\u00e0nh m\u1ed9t l\u00fd do r\u1ea5t thuy\u1ebft ph\u1ee5c \u0111\u1ec3 g\u1eafn v\u1edbi d\u1ef1 \u00e1n n\u00e0y.\n\t\t\t<\/p>\n<p>Khi b\u1ea1n \u0111\u1ebfn ch\u1ed7 ch\u00fang t\u00f4i, h\u00e3y t\u00ecm Gary v\u00e0 ch\u1ecb Ph\u01b0\u01a1ng ho\u1eb7c \u0111\u1ed9i ng\u0169 nh\u00e2n vi\u00ean nhi\u1ec7t t\u00ecnh c\u00f9ng ch\u00ed h\u01b0\u1edbng \u0111\u1ec3 c\u00f3 cu\u1ed9c n\u00f3i chuy\u1ec7n than thi\u1ec7n. Ch\u00fang t\u00f4i kh\u00f4ng ch\u1ec9 xem vi\u1ec7c tr\u1edf th\u00e0nh m\u1ed9t ph\u1ea7n c\u1ee7a Jungle Lodge l\u00e0 m\u1ed9t c\u01a1 h\u1ed9i g\u1ea7n g\u0169i v\u1edbi v\u1ebd \u0111\u1eb9p c\u1ee7a VQG, ch\u00fang t\u00f4i c\u00f2n truy\u1ec1n t\u1ea3i th\u00f4ng \u0111i\u1ec7p n\u00e0y \u0111\u1ebfn du kh\u00e1ch.<br \/>\nV\u00e0 \u0111\u00f3 l\u00e0 \u0111\u1ec3 tr\u1edf th\u00e0nh \u201cC\u00e1nh c\u1eeda \u0111\u01b0a b\u1ea1n \u0111\u1ebfn thi\u00ean nhi\u00ean\u201d\n<\/p>\n<\/p><\/div>\n<\/p><\/div>\n<\/div>\n<p>[\/et_pb_tab]<\/p>\n<p>[\/et_pb_tabs][\/et_pb_column][\/et_pb_row][\/et_pb_section]<\/p>\n","protected":false},"excerpt":{"rendered":"<p>[et_pb_section admin_label=&#8221;section&#8221; background_image=&#8221;\/wp-content\/uploads\/2016\/08\/Insect2-overlay.jpg&#8221; transparent_background=&#8221;off&#8221; allow_player_pause=&#8221;off&#8221; inner_shadow=&#8221;off&#8221; parallax=&#8221;off&#8221; parallax_method=&#8221;off&#8221; padding_mobile=&#8221;off&#8221; make_fullwidth=&#8221;off&#8221; use_custom_width=&#8221;off&#8221; width_unit=&#8221;on&#8221; make_equal=&#8221;off&#8221; use_custom_gutter=&#8221;off&#8221; module_class=&#8221;getting-here bg-overlay&#8221; background_color=&#8221;#ffffff&#8221;][et_pb_row admin_label=&#8221;Row&#8221; make_fullwidth=&#8221;on&#8221; use_custom_width=&#8221;off&#8221; width_unit=&#8221;on&#8221; use_custom_gutter=&#8221;off&#8221; padding_mobile=&#8221;off&#8221; allow_player_pause=&#8221;off&#8221; parallax=&#8221;off&#8221; parallax_method=&#8221;off&#8221; make_equal=&#8221;off&#8221; parallax_1=&#8221;off&#8221; parallax_method_1=&#8221;off&#8221; parallax_2=&#8221;off&#8221; parallax_method_2=&#8221;off&#8221; column_padding_mobile=&#8221;on&#8221; custom_padding=&#8221;6%|||&#8221; custom_padding_tablet=&#8221;||0px|&#8221; custom_padding_last_edited=&#8221;on|phone&#8221;][et_pb_column type=&#8221;4_4&#8243;][et_pb_text admin_label=&#8221;About US Intro&#8221; background_layout=&#8221;dark&#8221; text_orientation=&#8221;left&#8221; use_border_color=&#8221;off&#8221; border_color=&#8221;#ffffff&#8221; border_style=&#8221;solid&#8221; module_class=&#8221;header&#8221;] V\u1ec0 CH\u00daNG T\u00d4I C\u00e1t Ti\u00ean Jungle Lodge m\u1eddi t\u1ea5t c\u1ea3 [&hellip;]<\/p>\n","protected":false},"author":1,"featured_media":0,"parent":0,"menu_order":0,"comment_status":"closed","ping_status":"closed","template":"","meta":{"footnotes":""},"class_list":["post-5693","page","type-page","status-publish","hentry"],"yoast_head":"<!-- This site is optimized with the Yoast SEO plugin v22.8 - https:\/\/yoast.com\/wordpress\/plugins\/seo\/ -->\n<title>V\u1ec1 Ch\u00fang T\u00f4i - Cat Tien Jungle Lodge<\/title>\n<meta name=\"description\" content=\"Cat Tien Jungle Lodge invites adventure travellers &amp; everyone to discover nature\u2019s mysteries &amp; appreciate its splendors. V\u1ec1 Ch\u00fang T\u00f4i\" \/>\n<meta name=\"robots\" content=\"index, follow, max-snippet:-1, max-image-preview:large, max-video-preview:-1\" \/>\n<link rel=\"canonical\" href=\"https:\/\/cattienjunglelodge.com\/vi\/ve-chung-toi\/\" \/>\n<meta property=\"og:locale\" content=\"vi_VN\" \/>\n<meta property=\"og:type\" content=\"article\" \/>\n<meta property=\"og:title\" content=\"V\u1ec1 Ch\u00fang T\u00f4i - Cat Tien Jungle Lodge\" \/>\n<meta property=\"og:description\" content=\"Cat Tien Jungle Lodge invites adventure travellers &amp; everyone to discover nature\u2019s mysteries &amp; appreciate its splendors. V\u1ec1 Ch\u00fang T\u00f4i\" \/>\n<meta property=\"og:url\" content=\"https:\/\/cattienjunglelodge.com\/vi\/ve-chung-toi\/\" \/>\n<meta property=\"og:site_name\" content=\"Cat Tien Jungle Lodge\" \/>\n<meta property=\"article:modified_time\" content=\"2016-12-14T10:03:17+00:00\" \/>\n<meta name=\"twitter:card\" content=\"summary_large_image\" \/>\n<meta name=\"twitter:label1\" content=\"Est. reading time\" \/>\n\t<meta name=\"twitter:data1\" content=\"8 minutes\" \/>\n<script type=\"application\/ld+json\" class=\"yoast-schema-graph\">{\"@context\":\"https:\/\/schema.org\",\"@graph\":[{\"@type\":\"WebPage\",\"@id\":\"https:\/\/cattienjunglelodge.com\/vi\/ve-chung-toi\/\",\"url\":\"https:\/\/cattienjunglelodge.com\/vi\/ve-chung-toi\/\",\"name\":\"V\u1ec1 Ch\u00fang T\u00f4i - Cat Tien Jungle Lodge\",\"isPartOf\":{\"@id\":\"https:\/\/cattienjunglelodge.com\/#website\"},\"datePublished\":\"2016-12-10T08:49:23+00:00\",\"dateModified\":\"2016-12-14T10:03:17+00:00\",\"description\":\"Cat Tien Jungle Lodge invites adventure travellers & everyone to discover nature\u2019s mysteries & appreciate its splendors. V\u1ec1 Ch\u00fang T\u00f4i\",\"breadcrumb\":{\"@id\":\"https:\/\/cattienjunglelodge.com\/vi\/ve-chung-toi\/#breadcrumb\"},\"inLanguage\":\"vi\",\"potentialAction\":[{\"@type\":\"ReadAction\",\"target\":[\"https:\/\/cattienjunglelodge.com\/vi\/ve-chung-toi\/\"]}]},{\"@type\":\"BreadcrumbList\",\"@id\":\"https:\/\/cattienjunglelodge.com\/vi\/ve-chung-toi\/#breadcrumb\",\"itemListElement\":[{\"@type\":\"ListItem\",\"position\":1,\"name\":\"Home\",\"item\":\"https:\/\/cattienjunglelodge.com\/vi\/\"},{\"@type\":\"ListItem\",\"position\":2,\"name\":\"V\u1ec1 Ch\u00fang T\u00f4i\"}]},{\"@type\":\"WebSite\",\"@id\":\"https:\/\/cattienjunglelodge.com\/#website\",\"url\":\"https:\/\/cattienjunglelodge.com\/\",\"name\":\"Cat Tien Jungle Lodge\",\"description\":\"Jungle and Nature in Vietnam\",\"publisher\":{\"@id\":\"https:\/\/cattienjunglelodge.com\/#organization\"},\"potentialAction\":[{\"@type\":\"SearchAction\",\"target\":{\"@type\":\"EntryPoint\",\"urlTemplate\":\"https:\/\/cattienjunglelodge.com\/?s={search_term_string}\"},\"query-input\":\"required name=search_term_string\"}],\"inLanguage\":\"vi\"},{\"@type\":\"Organization\",\"@id\":\"https:\/\/cattienjunglelodge.com\/#organization\",\"name\":\"Cat Tien Jungle Lodge | Cat Tien Farm Stay\",\"url\":\"https:\/\/cattienjunglelodge.com\/\",\"logo\":{\"@type\":\"ImageObject\",\"inLanguage\":\"vi\",\"@id\":\"https:\/\/cattienjunglelodge.com\/#\/schema\/logo\/image\/\",\"url\":\"https:\/\/cattienjunglelodge.com\/wp-content\/uploads\/2016\/09\/Logo-WWL-Border2-GBSilver.png\",\"contentUrl\":\"https:\/\/cattienjunglelodge.com\/wp-content\/uploads\/2016\/09\/Logo-WWL-Border2-GBSilver.png\",\"width\":300,\"height\":112,\"caption\":\"Cat Tien Jungle Lodge | Cat Tien Farm Stay\"},\"image\":{\"@id\":\"https:\/\/cattienjunglelodge.com\/#\/schema\/logo\/image\/\"}}]}<\/script>\n<!-- \/ Yoast SEO plugin. -->","yoast_head_json":{"title":"V\u1ec1 Ch\u00fang T\u00f4i - Cat Tien Jungle Lodge","description":"Cat Tien Jungle Lodge invites adventure travellers & everyone to discover nature\u2019s mysteries & appreciate its splendors. V\u1ec1 Ch\u00fang T\u00f4i","robots":{"index":"index","follow":"follow","max-snippet":"max-snippet:-1","max-image-preview":"max-image-preview:large","max-video-preview":"max-video-preview:-1"},"canonical":"https:\/\/cattienjunglelodge.com\/vi\/ve-chung-toi\/","og_locale":"vi_VN","og_type":"article","og_title":"V\u1ec1 Ch\u00fang T\u00f4i - Cat Tien Jungle Lodge","og_description":"Cat Tien Jungle Lodge invites adventure travellers & everyone to discover nature\u2019s mysteries & appreciate its splendors. V\u1ec1 Ch\u00fang T\u00f4i","og_url":"https:\/\/cattienjunglelodge.com\/vi\/ve-chung-toi\/","og_site_name":"Cat Tien Jungle Lodge","article_modified_time":"2016-12-14T10:03:17+00:00","twitter_card":"summary_large_image","twitter_misc":{"Est. reading time":"8 minutes"},"schema":{"@context":"https:\/\/schema.org","@graph":[{"@type":"WebPage","@id":"https:\/\/cattienjunglelodge.com\/vi\/ve-chung-toi\/","url":"https:\/\/cattienjunglelodge.com\/vi\/ve-chung-toi\/","name":"V\u1ec1 Ch\u00fang T\u00f4i - Cat Tien Jungle Lodge","isPartOf":{"@id":"https:\/\/cattienjunglelodge.com\/#website"},"datePublished":"2016-12-10T08:49:23+00:00","dateModified":"2016-12-14T10:03:17+00:00","description":"Cat Tien Jungle Lodge invites adventure travellers & everyone to discover nature\u2019s mysteries & appreciate its splendors. V\u1ec1 Ch\u00fang T\u00f4i","breadcrumb":{"@id":"https:\/\/cattienjunglelodge.com\/vi\/ve-chung-toi\/#breadcrumb"},"inLanguage":"vi","potentialAction":[{"@type":"ReadAction","target":["https:\/\/cattienjunglelodge.com\/vi\/ve-chung-toi\/"]}]},{"@type":"BreadcrumbList","@id":"https:\/\/cattienjunglelodge.com\/vi\/ve-chung-toi\/#breadcrumb","itemListElement":[{"@type":"ListItem","position":1,"name":"Home","item":"https:\/\/cattienjunglelodge.com\/vi\/"},{"@type":"ListItem","position":2,"name":"V\u1ec1 Ch\u00fang T\u00f4i"}]},{"@type":"WebSite","@id":"https:\/\/cattienjunglelodge.com\/#website","url":"https:\/\/cattienjunglelodge.com\/","name":"Cat Tien Jungle Lodge","description":"Jungle and Nature in Vietnam","publisher":{"@id":"https:\/\/cattienjunglelodge.com\/#organization"},"potentialAction":[{"@type":"SearchAction","target":{"@type":"EntryPoint","urlTemplate":"https:\/\/cattienjunglelodge.com\/?s={search_term_string}"},"query-input":"required name=search_term_string"}],"inLanguage":"vi"},{"@type":"Organization","@id":"https:\/\/cattienjunglelodge.com\/#organization","name":"Cat Tien Jungle Lodge | Cat Tien Farm Stay","url":"https:\/\/cattienjunglelodge.com\/","logo":{"@type":"ImageObject","inLanguage":"vi","@id":"https:\/\/cattienjunglelodge.com\/#\/schema\/logo\/image\/","url":"https:\/\/cattienjunglelodge.com\/wp-content\/uploads\/2016\/09\/Logo-WWL-Border2-GBSilver.png","contentUrl":"https:\/\/cattienjunglelodge.com\/wp-content\/uploads\/2016\/09\/Logo-WWL-Border2-GBSilver.png","width":300,"height":112,"caption":"Cat Tien Jungle Lodge | Cat Tien Farm Stay"},"image":{"@id":"https:\/\/cattienjunglelodge.com\/#\/schema\/logo\/image\/"}}]}},"_links":{"self":[{"href":"https:\/\/cattienjunglelodge.com\/vi\/wp-json\/wp\/v2\/pages\/5693"}],"collection":[{"href":"https:\/\/cattienjunglelodge.com\/vi\/wp-json\/wp\/v2\/pages"}],"about":[{"href":"https:\/\/cattienjunglelodge.com\/vi\/wp-json\/wp\/v2\/types\/page"}],"author":[{"embeddable":true,"href":"https:\/\/cattienjunglelodge.com\/vi\/wp-json\/wp\/v2\/users\/1"}],"replies":[{"embeddable":true,"href":"https:\/\/cattienjunglelodge.com\/vi\/wp-json\/wp\/v2\/comments?post=5693"}],"version-history":[{"count":2,"href":"https:\/\/cattienjunglelodge.com\/vi\/wp-json\/wp\/v2\/pages\/5693\/revisions"}],"predecessor-version":[{"id":5697,"href":"https:\/\/cattienjunglelodge.com\/vi\/wp-json\/wp\/v2\/pages\/5693\/revisions\/5697"}],"wp:attachment":[{"href":"https:\/\/cattienjunglelodge.com\/vi\/wp-json\/wp\/v2\/media?parent=5693"}],"curies":[{"name":"wp","href":"https:\/\/api.w.org\/{rel}","templated":true}]}}