{"id":5698,"date":"2016-12-13T18:27:26","date_gmt":"2016-12-13T11:27:26","guid":{"rendered":"https:\/\/cattienjunglelodge.com\/vi\/?page_id=5698"},"modified":"2017-11-11T19:18:16","modified_gmt":"2017-11-11T12:18:16","slug":"dia-diem","status":"publish","type":"page","link":"https:\/\/cattienjunglelodge.com\/vi\/dia-diem\/","title":{"rendered":"\u0110\u1ecba \u0111i\u1ec3m"},"content":{"rendered":"<p>[et_pb_section admin_label=&#8221;section&#8221; background_image=&#8221;\/wp-content\/uploads\/2016\/08\/getting-there.jpg&#8221; transparent_background=&#8221;off&#8221; allow_player_pause=&#8221;off&#8221; inner_shadow=&#8221;off&#8221; parallax=&#8221;off&#8221; parallax_method=&#8221;off&#8221; padding_mobile=&#8221;off&#8221; make_fullwidth=&#8221;off&#8221; use_custom_width=&#8221;off&#8221; width_unit=&#8221;on&#8221; make_equal=&#8221;off&#8221; use_custom_gutter=&#8221;off&#8221; module_class=&#8221;getting-here bg-overlay&#8221; background_color=&#8221;#ffffff&#8221;][et_pb_row admin_label=&#8221;Row&#8221; make_fullwidth=&#8221;on&#8221; use_custom_width=&#8221;off&#8221; width_unit=&#8221;on&#8221; use_custom_gutter=&#8221;off&#8221; padding_mobile=&#8221;off&#8221; allow_player_pause=&#8221;off&#8221; parallax=&#8221;off&#8221; parallax_method=&#8221;off&#8221; make_equal=&#8221;off&#8221; parallax_1=&#8221;off&#8221; parallax_method_1=&#8221;off&#8221; parallax_2=&#8221;off&#8221; parallax_method_2=&#8221;off&#8221; column_padding_mobile=&#8221;on&#8221; custom_padding=&#8221;6%|||&#8221; custom_padding_tablet=&#8221;||0px|&#8221; custom_padding_last_edited=&#8221;on|phone&#8221;][et_pb_column type=&#8221;4_4&#8243;][et_pb_text admin_label=&#8221;Getting Here Intro&#8221; background_layout=&#8221;dark&#8221; text_orientation=&#8221;left&#8221; use_border_color=&#8221;off&#8221; border_color=&#8221;#ffffff&#8221; border_style=&#8221;solid&#8221; module_class=&#8221;header&#8221;]<\/p>\n<h1>L\u00c0M SAO \u0110\u1ec2 \u0110\u1ebeN \u0110\u00c2Y<\/h1>\n<p>\u0110\u1ec3 \u0111\u1ebfn \u0111\u01b0\u1ee3c VQG C\u00e1t Ti\u00ean r\u1ea5t \u0111\u01a1n gi\u1ea3n v\u00ec n\u00f3 n\u1eb1m gi\u1eefa hai th\u00e0nh ph\u1ed1 nh\u1ed9n nh\u1ecbp l\u00e0 Th\u00e0nh ph\u1ed1 H\u1ed3 Ch\u00ed Minh v\u00e0 \u0110\u00e0 L\u1ea1t. N\u1ebfu b\u1ea1n \u0111\u1ebfn t\u1eeb m\u1ed9t \u0111\u1ea5t n\u01b0\u1edbc kh\u00e1c, c\u1ed5ng qu\u1ed1c t\u1ebf g\u1ea7n nh\u1ea5t l\u00e0 S\u00e2n bay T\u00e2n S\u01a1n Nh\u1ea5t t\u1ea1i Th\u00e0nh ph\u1ed1 H\u1ed3 Ch\u00ed Minh.<\/p>\n<p>[\/et_pb_text][\/et_pb_column][\/et_pb_row][et_pb_row admin_label=&#8221;Row&#8221; make_fullwidth=&#8221;off&#8221; use_custom_width=&#8221;on&#8221; width_unit=&#8221;off&#8221; use_custom_gutter=&#8221;on&#8221; padding_mobile=&#8221;off&#8221; allow_player_pause=&#8221;off&#8221; parallax=&#8221;off&#8221; parallax_method=&#8221;off&#8221; make_equal=&#8221;off&#8221; parallax_1=&#8221;off&#8221; parallax_method_1=&#8221;off&#8221; column_padding_mobile=&#8221;on&#8221; module_class=&#8221;information-tab&#8221; custom_width_percent=&#8221;97%&#8221; gutter_width=&#8221;1&#8243; custom_padding=&#8221;||15%|&#8221;][et_pb_column type=&#8221;4_4&#8243;][et_pb_tabs admin_label=&#8221;GETTING HERE&#8221; use_border_color=&#8221;off&#8221; border_color=&#8221;#ffffff&#8221; border_style=&#8221;solid&#8221; background_color=&#8221;rgba(28,28,28,0)&#8221; tab_font_size=&#8221;18&#8243;]<\/p>\n<p>[et_pb_tab title=&#8221;B\u1eb0NG XE \u00d4 T\u00d4&#8221; tab_font_select=&#8221;default&#8221; tab_font=&#8221;||||&#8221; tab_line_height=&#8221;2em&#8221; tab_line_height_tablet=&#8221;2em&#8221; tab_line_height_phone=&#8221;2em&#8221; body_font_select=&#8221;default&#8221; body_font=&#8221;||||&#8221; body_line_height=&#8221;2em&#8221; body_line_height_tablet=&#8221;2em&#8221; body_line_height_phone=&#8221;2em&#8221;]<\/p>\n<p>Jungle Lodge c\u00f3 th\u1ec3 cung c\u1ea5p d\u1ecbch v\u1ee5 v\u1eadn chuy\u1ec3n t\u1eeb 1 -12 ng\u01b0\u1eddi t\u1eeb Th\u00e0nh ph\u1ed1 H\u1ed3 Ch\u00ed Minh \u0111\u1ebfn VQG C\u00e1t Ti\u00ean v\u00e0 ng\u01b0\u1ee3c l\u1ea1i.<br \/>\nTh\u00f4ng th\u01b0\u1eddng m\u1ea5t kho\u1ea3n 2\u00bd \u0111\u1ebfn 3 ti\u1ebfng \u0111i xe (t\u00f9y v\u00e0o t\u00ecnh h\u00ecnh giao th\u00f4ng).<br \/>\nXe \u00f4 t\u00f4 s\u1ebd c\u00f3 gi\u00e1 t\u1eeb 1,800,000 \u0111\u1ebfn 2,800,000 (t\u00f9y v\u00e0o lo\u1ea1i ph\u01b0\u01a1ng ti\u1ec7n).<\/p>\n<h3>Li\u00ean h\u1ec7 l\u1ec5 t\u00e2n c\u1ee7a ch\u00fang t\u00f4i \u0111\u1ec3 bi\u1ebft th\u00eam chi ti\u1ebft<\/h3>\n<p><span class=\"phone-no\">+84.251.3664888<\/span><br \/>\n<span class=\"email\">info@wildworld.vn<\/span><\/p>\n<p>[\/et_pb_tab][et_pb_tab title=&#8221;B\u1eb0NG XE BU\u00ddT&#8221; tab_font_select=&#8221;default&#8221; tab_font=&#8221;||||&#8221; tab_line_height=&#8221;2em&#8221; tab_line_height_tablet=&#8221;2em&#8221; tab_line_height_phone=&#8221;2em&#8221; body_font_select=&#8221;default&#8221; body_font=&#8221;||||&#8221; body_line_height=&#8221;2em&#8221; body_line_height_tablet=&#8221;2em&#8221; body_line_height_phone=&#8221;2em&#8221;]<\/p>\n<div class=\"row\">\n<div class=\"col-sm-4\">\n<h4>T\u1eeb TP. H\u1ed3 Ch\u00ed Minh<\/h4>\n<\/div>\n<div class=\"col-sm-8\">\n<div class=\"getting-here-desc\">\n1. Ngo\u00e0i ra c\u00f2n c\u00f3 2 xe bus li\u00ean t\u1ec9nh \u0111\u00e1ng tin c\u1eady v\u00e0 tho\u1ea3i m\u00e1i (xem th\u00f4ng tin xe Th\u00e0nh B\u01b0\u1edfi v\u00e0 Ph\u01b0\u01a1ng Trang b\u00ean d\u01b0\u1edbi) xu\u1ea5t ph\u00e1t c\u00e1ch gi\u1edd m\u1ed7i ng\u00e0y t\u1eeb Th\u00e0nh ph\u1ed1 H\u1ed3 Ch\u00ed Minh \u0111\u1ebfn \u0110\u00e0 L\u1ea1t b\u1eb1ng \u0111\u01b0\u1eddng Qu\u1ed1c l\u1ed9 20. S\u1eed d\u1ee5ng lo\u1ea1i bu\u00fdt n\u00e0y, b\u1ea1n c\u00f3 th\u1ec3 y\u00eau c\u1ea7u xu\u1ed1ng xe t\u1ea1i B\u1ebfn xe Ph\u01b0\u01a1ng L\u00e2m t\u1ea1i KM 142. \u0110\u1ed1i di\u1ec7n v\u1edbi B\u1ebfn xe n\u00e0y l\u00e0 qu\u00e1n C\u00e0 ph\u00ea Mai Ph\u01b0\u01a1ng t\u1ea1i s\u1ed1 3982, \u1ea5p Ph\u00fa L\u00e2m 1, X\u00e3 Ph\u00fa S\u01a1n, Huy\u1ec7n T\u00e2n Ph\u00fa, \u0110\u1ed3ng Nai. S\u1ed1 \u0111i\u1ec7n tho\u1ea1i: 0122 406 8919 (anh T\u00f9ng) l\u00e0 \u0111i\u1ec3m \u0111\u01b0a \u0111\u00f3n \u0111\u1ebfn Jungle Lodge v\u00e0 Farmstay ho\u1eb7c \u0111\u1ebfn VQG C\u00e1t Ti\u00ean.<\/p>\n<p>T\u1eeb c\u00e0 ph\u00ea Mai Ph\u01b0\u01a1ng, b\u1ea1n c\u00f3 th\u1ec3 \u0111i b\u1eb1ng xe \u00f4m qu\u1ea3ng \u0111\u01b0\u1eddng 16 km \u0111\u1ebfn VQG Nam C\u00e1t Ti\u00ean. Gi\u00e1 s\u1ebd giao \u0111\u1ed9ng quanh 110.000\/ng\u01b0\u1eddi, c\u00f3 th\u1ec3 tr\u1ea3 t\u1ea1i C\u00e0 Ph\u00ea Mai Ph\u01b0\u01a1ng ho\u1eb7c t\u1ea1i Jungle Lodge\/ Farmstay. N\u1ebfu b\u1ea1n mu\u1ed1n \u0111\u01b0\u1ee3c \u0111\u00f3n b\u1eb1ng xe \u00f4 t\u00f4, b\u1ea1n c\u00f3 th\u1ec3 \u0111\u1eb7t tr\u01b0\u1edbc b\u1eb1ng c\u00e1ch g\u1ecdi cho ch\u00fang t\u00f4i: +84.251.3664888. Gi\u00e1 cho m\u1ed9t chuy\u1ebfn \u0111\u00f3n \u0111\u01b0a kho\u1ea3ng t\u1eeb 380.000 \u0111\u1ebfn 500.000 v\u00e0 c\u00f3 th\u1ec3 \u0111i \u0111\u01b0\u1ee3c 4 \u0111\u1ebfn 8 ng\u01b0\u1eddi t\u01b0\u01a1ng \u1ee9ng.<\/p>\n<\/div>\n<div class=\"getting-here-desc last\">\n2. Ph\u01b0\u01a1ng \u00e1n thay th\u1ebf cho c\u00e1ch s\u1ed1 (1) l\u00e0 \u0111\u1ebfn B\u1ebfn xe Mi\u1ec1n \u0110\u00f4ng, mua v\u00e9 t\u1ea1i qu\u1ea7y s\u1ed1 5 (kho\u1ea3ng 85,000 VN\u0110\/ng\u01b0\u1eddi). C\u00f4ng ty xe bu\u00fdt Kim Ho\u00e0ng ho\u1eb7c B\u00e9 s\u1ebd \u0111\u01b0a b\u1ea1n \u0111\u1ebfn th\u1eb3ng Nam C\u00e1t Ti\u00ean, \u0111i ngang qua Jungle Lodge v\u00e0 Farmstay. Xe bus n\u00e0y nh\u1ecf v\u00e0 h\u01a1i ch\u1eadm (kho\u1ea3ng h\u01a1n 4 ti\u1ebfng, do c\u00f3 nhi\u1ec1u \u0111i\u1ec3m \u0111\u00f3n v\u00e0 th\u1ea3 kh\u00e1ch d\u1ecdc \u0111\u01b0\u1eddng) v\u00e0 kh\u00f4ng d\u1ec5 ch\u1ecbu nh\u01b0 ph\u01b0\u01a1ng \u00e1n (1). Nh\u01b0ng n\u00f3 s\u1ebd mang l\u1ea1i c\u1ea3m gi\u00e1c tr\u1ea3i nghi\u1ec7m \u201c\u0111\u1ed9c \u0111\u00e1o\u201d khi s\u1eed d\u1ee5ng ph\u01b0\u01a1ng ti\u1ec7n \u0111i l\u1ea1i t\u1ea1i \u0111\u1ecba ph\u01b0\u01a1ng. Nh\u01b0 m\u1ed9t l\u1eddi l\u01b0u \u00fd, ch\u00fang t\u00f4i nh\u1eadn \u0111\u01b0\u1ee3c nh\u1eefng ph\u1ea3n h\u1ed3i kh\u00f4ng t\u1ed1t t\u1eeb nh\u1eefng kh\u00e1ch \u0111\u00e3 s\u1ef1 d\u1ee5ng lo\u1ea1i xe bus n\u00e0y.<\/p>\n<\/div>\n<\/div>\n<\/div>\n<div class=\"row\">\n<div class=\"col-sm-4\">\n<h4>T\u1eeb TP. \u0110\u00e0 L\u1ea1t<\/h4>\n<\/div>\n<div class=\"col-sm-8\">\n<div class=\"getting-here-desc last\">\n<p>C\u00f3 r\u1ea5t nhi\u1ec1u xe bu\u00fdt li\u00ean t\u1ec9nh \u0111i v\u00e0 v\u1ec1 t\u1eeb \u0110\u00e0 L\u1ea1t \u0111\u1ebfn Th\u00e0nh Ph\u1ed1 H\u1ed3 Ch\u00ed Minh h\u1eb1ng ng\u00e0y tr\u00ean Qu\u1ed1c l\u1ed9 20, nh\u01b0ng kh\u00f4ng c\u00f3 chuy\u00ean n\u00e0o \u0111i th\u1eb3ng \u0111\u1ebfn VQG C\u00e1t Ti\u00ean. VQG c\u00e1ch qu\u1ed1c l\u1ed9 m\u1ed9t kho\u1ea3ng 16km t\u1eeb \u0111i\u1ec3m \u0111\u01b0a \u0111\u00f3n c\u1ee7a ch\u00fang t\u00f4i (C\u00e0 ph\u00ea Mai Ph\u01b0\u01a1ng \u0111\u1ed1i di\u1ec7n b\u1ebfn xe Ph\u01b0\u01a1ng L\u00e2m &#8211; KM 142).<br \/>\n\u0110\u1ecba ch\u1ec9 qu\u00e1n c\u00e0 ph\u00ea l\u00e0: S\u1ed1 3982, \u1ea4p Ph\u00fa L\u00e2m 1, X\u00e3 Ph\u00fa S\u01a1n, Huy\u1ec7n T\u00e2n Ph\u00fa, \u0110\u1ed3ng Nai.<br \/>\nT\u1eeb c\u00e0 ph\u00ea Mai Ph\u01b0\u01a1ng, b\u1ea1n c\u00f3 th\u1ec3 \u0111i b\u1eb1ng xe \u00f4m qu\u1ea3ng \u0111\u01b0\u1eddng 16 km \u0111\u1ebfn VQG Nam C\u00e1t Ti\u00ean.<br \/>\nThis cost around vnd110,000\/person payable at Caf\u00e9 Mai Phuong or at the Jungle Lodge \/ Farm Stay.<br \/>\nGi\u00e1 s\u1ebd giao \u0111\u1ed9ng quanh 110.000\/ng\u01b0\u1eddi, c\u00f3 th\u1ec3 tr\u1ea3 t\u1ea1i C\u00e0 Ph\u00ea Mai Ph\u01b0\u01a1ng ho\u1eb7c t\u1ea1i Jungle Lodge\/ Farmstay. N\u1ebfu b\u1ea1n mu\u1ed1n \u0111\u01b0\u1ee3c \u0111\u00f3n b\u1eb1ng xe \u00f4 t\u00f4, b\u1ea1n c\u00f3 th\u1ec3 \u0111\u1eb7t tr\u01b0\u1edbc b\u1eb1ng c\u00e1ch g\u1ecdi cho ch\u00fang t\u00f4i: +84.251.3664888.<br \/>\nGi\u00e1 cho m\u1ed9t chuy\u1ebfn \u0111\u00f3n \u0111\u01b0a kho\u1ea3ng t\u1eeb 380.000 \u0111\u1ebfn 500.000 v\u00e0 c\u00f3 th\u1ec3 \u0111i \u0111\u01b0\u1ee3c 4 \u0111\u1ebfn 8 ng\u01b0\u1eddi t\u01b0\u01a1ng \u1ee9ng.<\/p>\n<\/div>\n<\/div>\n<\/div>\n<div class=\"row last\">\n<div class=\"col-sm-4\">\n<h4>T\u1eeb KM 142 tr\u1ea1m thu ph\u00ed T\u00e2n Ph\u00fa v\u00e0o VQG C\u00e1t Ti\u00ean<\/h4>\n<\/div>\n<div class=\"col-sm-8\">\n<p>Ph\u01b0\u01a1ng ti\u1ec7n di chuy\u1ec3n t\u1eeb KM 142 tr\u1ea1m thu ph\u00ed T\u00e2n Ph\u00fa v\u00e0o VQG C\u00e1t Ti\u00ean (16km)<\/p>\n<div class=\"getting-here-desc\">\n<p>1. N\u1ebfu b\u1ea1n s\u1ebd \u1edf t\u1ea1i Jungle Lodge ho\u1eb7c Farmstay, b\u1ea1n c\u00f3 th\u1ec3 \u0111\u1eb7t tr\u01b0\u1edbc d\u1ecbch v\u1ee5 \u0111\u01b0a \u0111\u00f3n xe 4 ch\u1ed7 c\u1ee7a ch\u00fang t\u00f4i tr\u01b0\u1edbc. Ch\u00fang t\u00f4i c\u00f3 th\u1ec3 \u0111\u00f3n b\u1ea1n khi b\u1ea1n \u0111\u00e3 \u0111\u1ebfn C\u00e0 Ph\u00ea Mai Ph\u01b0\u01a1ng \u2013 \u0111\u1ed1i di\u1ec7n B\u1ebfn xe Ph\u01b0\u01a1ng L\u00e2m KM142. \u0110\u1ecba ch\u1ec9 qu\u00e1n c\u00e0 ph\u00ea l\u00e0: s\u1ed1 3982, \u1ea5p Ph\u00fa L\u00e2m 1, X\u00e3 Ph\u00fa S\u01a1n, Huy\u1ec7n T\u00e2n Ph\u00fa, \u0110\u1ed3ng Nai. Gi\u00e1 d\u00e0nh cho kh\u00e1c c\u1ee7a ch\u00fang t\u00f4i l\u00e0 380.000VN\u0110\/ng\u01b0\u1eddi cho m\u1ed9t l\u01b0\u1ee3t \u0111\u00f3n ho\u1eb7c \u0111\u01b0a.<\/p>\n<\/div>\n<div class=\"getting-here-desc last\">\n<p>2. Xe \u00f4m t\u1eeb Qu\u1ed1c l\u1ed9 20 \u0111\u1ebfn x\u00e3 Nam C\u00e1t Ti\u00ean. Gi\u00e1 hi\u1ec7n t\u1ea1i giao \u0111\u1ed9ng t\u1eeb 110,000 VN\u0110 to 150,000\/ng\u01b0\u1eddi\/l\u01b0\u1ee3t.<\/p>\n<\/div>\n<\/div>\n<\/div>\n<p>[\/et_pb_tab][et_pb_tab title=&#8221;B\u1eb0NG XE KH\u00c1CH&#8221; tab_font_select=&#8221;default&#8221; tab_font=&#8221;||||&#8221; tab_line_height=&#8221;2em&#8221; tab_line_height_tablet=&#8221;2em&#8221; tab_line_height_phone=&#8221;2em&#8221; body_font_select=&#8221;default&#8221; body_font=&#8221;||||&#8221; body_line_height=&#8221;2em&#8221; body_line_height_tablet=&#8221;2em&#8221; body_line_height_phone=&#8221;2em&#8221;]<\/p>\n<div class=\"row\">\n<div class=\"col-sm-4\">\n<h4>C\u00f4ng ty xe bu\u00fdt Du l\u1ecbch Th\u00e0nh B\u01b0\u1edfi<\/h4>\n<\/div>\n<div class=\"col-sm-8\">\n<div class=\"getting-here-desc \">\n<h4>T\u1ea1i TP. H\u1ed3 Ch\u00ed Minh<\/h4>\n<p><span class=\"address\">266-268 L\u00ea H\u1ed3ng Phong, Ph\u01b0\u1eddng 4, Qu\u1eadn 5, Tp. HCM<\/span><br \/>\n<span class=\"phone-no\">(84-8) 38 306306 \/ (84-8) 38 308090<\/span><\/p>\n<\/div>\n<div class=\"getting-here-desc last\">\n<h4>T\u1ea1i \u0110\u00e0 L\u1ea1t<\/h4>\n<p><span class=\"address\">05 L\u1eef Gia, Ph\u01b0\u1eddng 9, \u0110\u00e0 L\u1ea1t, L\u00e2m \u0110\u1ed3ng.<\/span><br \/>\n<span class=\"phone-no\">(84-63) 381 3132 \/ 381 3133<\/span><\/p>\n<\/div>\n<\/div>\n<\/div>\n<div class=\"row last\">\n<div class=\"col-sm-4\">\n<h4>C\u00f4ng ty xe bu\u00fdt Du l\u1ecbch Ph\u01b0\u01a1ng Trang<\/h4>\n<\/div>\n<div class=\"col-sm-8\">\n<div class=\"getting-here-desc \">\n<h4>T\u1ea1i TP. H\u1ed3 Ch\u00ed Minh<\/h4>\n<p><span class=\"address\">272 \u0110\u1ec1 Th\u00e1m, Ph\u01b0\u1eddng Ph\u1ea1m Ng\u0169 L\u00e3o, Qu\u1eadn 1, TPHCM.<\/span><br \/>\n<span class=\"address\">43-44 B\u1ebfn xe Mi\u1ec1n \u0110\u00f4ng, 292 \u0110inh B\u1ed9 L\u0129nh, Ph\u01b0\u1eddng 25, Qu\u1eadn B\u00ecnh Th\u1ea1nh, TPHCM.<\/span><br \/>\n<span class=\"address\">231 &#8211; 233 L\u00ea H\u1ed3ng Phong, Ph\u01b0\u1eddng 4, Qu\u1eadn 5, TPHCM.<\/span><br \/>\n<span class=\"address\">31 B\u1ebfn xe Mi\u1ec1n T\u00e2y, 395 Kinh D\u01b0\u01a1ng V\u01b0\u01a1ng, Ph\u01b0\u1eddng An L\u1ea1c, Qu\u1eadn B\u00ecnh T\u00e2n , TPHCM.<\/span><br \/>\n<span class=\"address\">328A L\u00ea H\u1ed3ng Phong, Ph\u01b0\u1eddng 1, Qu\u1eadn 10, TPHCM.<\/span><br \/>\n<span class=\"phone-no\">(84-8) 3830 9309<\/span><\/p>\n<\/div>\n<div class=\"getting-here-desc \">\n<h4>T\u1ea1i \u0110\u00e0 L\u1ea1t<\/h4>\n<p><span class=\"address\">11A\/2 L\u00ea Qu\u00fd \u0110\u00f4n, \u0110\u00e0 L\u1ea1t, L\u00e2m \u0110\u1ed3ng<\/span><br \/>\n<span class=\"phone-no\">(84-63) 3 58 58 58<\/span><\/p>\n<\/div>\n<div class=\"getting-here-desc last\">\n<h4>T\u1ea1i B\u1ea3o L\u1ed9c<\/h4>\n<p><span class=\"address\">1 T\u00f4 Hi\u1ebfn Th\u00e0nh, Ph\u01b0\u1eddng 3, B\u1ea3o L\u1ed9c, L\u00e2m \u0110\u1ed3ng.<\/span><br \/>\n<span class=\"address\">456 Tr\u1ea7n Ph\u00fa, B\u1ea3o L\u1ed9c, L\u00e2m \u0110\u1ed3ng <\/span><br \/>\n<span class=\"phone-no\">(84-63) 3 58 58 58 \/ (84-63) 3731 731 <\/span><\/p>\n<\/div>\n<\/div>\n<\/div>\n<p>[\/et_pb_tab]<\/p>\n<p>[\/et_pb_tabs][\/et_pb_column][\/et_pb_row][\/et_pb_section]<\/p>\n","protected":false},"excerpt":{"rendered":"<p>[et_pb_section admin_label=&#8221;section&#8221; background_image=&#8221;\/wp-content\/uploads\/2016\/08\/getting-there.jpg&#8221; transparent_background=&#8221;off&#8221; allow_player_pause=&#8221;off&#8221; inner_shadow=&#8221;off&#8221; parallax=&#8221;off&#8221; parallax_method=&#8221;off&#8221; padding_mobile=&#8221;off&#8221; make_fullwidth=&#8221;off&#8221; use_custom_width=&#8221;off&#8221; width_unit=&#8221;on&#8221; make_equal=&#8221;off&#8221; use_custom_gutter=&#8221;off&#8221; module_class=&#8221;getting-here bg-overlay&#8221; background_color=&#8221;#ffffff&#8221;][et_pb_row admin_label=&#8221;Row&#8221; make_fullwidth=&#8221;on&#8221; use_custom_width=&#8221;off&#8221; width_unit=&#8221;on&#8221; use_custom_gutter=&#8221;off&#8221; padding_mobile=&#8221;off&#8221; allow_player_pause=&#8221;off&#8221; parallax=&#8221;off&#8221; parallax_method=&#8221;off&#8221; make_equal=&#8221;off&#8221; parallax_1=&#8221;off&#8221; parallax_method_1=&#8221;off&#8221; parallax_2=&#8221;off&#8221; parallax_method_2=&#8221;off&#8221; column_padding_mobile=&#8221;on&#8221; custom_padding=&#8221;6%|||&#8221; custom_padding_tablet=&#8221;||0px|&#8221; custom_padding_last_edited=&#8221;on|phone&#8221;][et_pb_column type=&#8221;4_4&#8243;][et_pb_text admin_label=&#8221;Getting Here Intro&#8221; background_layout=&#8221;dark&#8221; text_orientation=&#8221;left&#8221; use_border_color=&#8221;off&#8221; border_color=&#8221;#ffffff&#8221; border_style=&#8221;solid&#8221; module_class=&#8221;header&#8221;] L\u00c0M SAO \u0110\u1ec2 \u0110\u1ebeN \u0110\u00c2Y \u0110\u1ec3 \u0111\u1ebfn \u0111\u01b0\u1ee3c VQG C\u00e1t [&hellip;]<\/p>\n","protected":false},"author":1,"featured_media":0,"parent":0,"menu_order":0,"comment_status":"closed","ping_status":"closed","template":"","meta":{"footnotes":""},"class_list":["post-5698","page","type-page","status-publish","hentry"],"yoast_head":"<!-- This site is optimized with the Yoast SEO plugin v22.8 - https:\/\/yoast.com\/wordpress\/plugins\/seo\/ -->\n<title>\u0110\u1ecba \u0111i\u1ec3m - Cat Tien Jungle Lodge<\/title>\n<meta name=\"description\" content=\"Cat Tien Jungle Lodge invites adventure travellers &amp; everyone to discover nature\u2019s mysteries &amp; appreciate its splendors. \u0110\u1ecba \u0111i\u1ec3m\" \/>\n<meta name=\"robots\" content=\"index, follow, max-snippet:-1, max-image-preview:large, max-video-preview:-1\" \/>\n<link rel=\"canonical\" href=\"https:\/\/cattienjunglelodge.com\/vi\/dia-diem\/\" \/>\n<meta property=\"og:locale\" content=\"vi_VN\" \/>\n<meta property=\"og:type\" content=\"article\" \/>\n<meta property=\"og:title\" content=\"\u0110\u1ecba \u0111i\u1ec3m - Cat Tien Jungle Lodge\" \/>\n<meta property=\"og:description\" content=\"Cat Tien Jungle Lodge invites adventure travellers &amp; everyone to discover nature\u2019s mysteries &amp; appreciate its splendors. \u0110\u1ecba \u0111i\u1ec3m\" \/>\n<meta property=\"og:url\" content=\"https:\/\/cattienjunglelodge.com\/vi\/dia-diem\/\" \/>\n<meta property=\"og:site_name\" content=\"Cat Tien Jungle Lodge\" \/>\n<meta property=\"article:modified_time\" content=\"2017-11-11T12:18:16+00:00\" \/>\n<meta name=\"twitter:card\" content=\"summary_large_image\" \/>\n<meta name=\"twitter:label1\" content=\"Est. reading time\" \/>\n\t<meta name=\"twitter:data1\" content=\"8 minutes\" \/>\n<script type=\"application\/ld+json\" class=\"yoast-schema-graph\">{\"@context\":\"https:\/\/schema.org\",\"@graph\":[{\"@type\":\"WebPage\",\"@id\":\"https:\/\/cattienjunglelodge.com\/vi\/dia-diem\/\",\"url\":\"https:\/\/cattienjunglelodge.com\/vi\/dia-diem\/\",\"name\":\"\u0110\u1ecba \u0111i\u1ec3m - Cat Tien Jungle Lodge\",\"isPartOf\":{\"@id\":\"https:\/\/cattienjunglelodge.com\/#website\"},\"datePublished\":\"2016-12-13T11:27:26+00:00\",\"dateModified\":\"2017-11-11T12:18:16+00:00\",\"description\":\"Cat Tien Jungle Lodge invites adventure travellers & everyone to discover nature\u2019s mysteries & appreciate its splendors. \u0110\u1ecba \u0111i\u1ec3m\",\"breadcrumb\":{\"@id\":\"https:\/\/cattienjunglelodge.com\/vi\/dia-diem\/#breadcrumb\"},\"inLanguage\":\"vi\",\"potentialAction\":[{\"@type\":\"ReadAction\",\"target\":[\"https:\/\/cattienjunglelodge.com\/vi\/dia-diem\/\"]}]},{\"@type\":\"BreadcrumbList\",\"@id\":\"https:\/\/cattienjunglelodge.com\/vi\/dia-diem\/#breadcrumb\",\"itemListElement\":[{\"@type\":\"ListItem\",\"position\":1,\"name\":\"Home\",\"item\":\"https:\/\/cattienjunglelodge.com\/vi\/\"},{\"@type\":\"ListItem\",\"position\":2,\"name\":\"\u0110\u1ecba \u0111i\u1ec3m\"}]},{\"@type\":\"WebSite\",\"@id\":\"https:\/\/cattienjunglelodge.com\/#website\",\"url\":\"https:\/\/cattienjunglelodge.com\/\",\"name\":\"Cat Tien Jungle Lodge\",\"description\":\"Jungle and Nature in Vietnam\",\"publisher\":{\"@id\":\"https:\/\/cattienjunglelodge.com\/#organization\"},\"potentialAction\":[{\"@type\":\"SearchAction\",\"target\":{\"@type\":\"EntryPoint\",\"urlTemplate\":\"https:\/\/cattienjunglelodge.com\/?s={search_term_string}\"},\"query-input\":\"required name=search_term_string\"}],\"inLanguage\":\"vi\"},{\"@type\":\"Organization\",\"@id\":\"https:\/\/cattienjunglelodge.com\/#organization\",\"name\":\"Cat Tien Jungle Lodge | Cat Tien Farm Stay\",\"url\":\"https:\/\/cattienjunglelodge.com\/\",\"logo\":{\"@type\":\"ImageObject\",\"inLanguage\":\"vi\",\"@id\":\"https:\/\/cattienjunglelodge.com\/#\/schema\/logo\/image\/\",\"url\":\"https:\/\/cattienjunglelodge.com\/wp-content\/uploads\/2016\/09\/Logo-WWL-Border2-GBSilver.png\",\"contentUrl\":\"https:\/\/cattienjunglelodge.com\/wp-content\/uploads\/2016\/09\/Logo-WWL-Border2-GBSilver.png\",\"width\":300,\"height\":112,\"caption\":\"Cat Tien Jungle Lodge | Cat Tien Farm Stay\"},\"image\":{\"@id\":\"https:\/\/cattienjunglelodge.com\/#\/schema\/logo\/image\/\"}}]}<\/script>\n<!-- \/ Yoast SEO plugin. -->","yoast_head_json":{"title":"\u0110\u1ecba \u0111i\u1ec3m - Cat Tien Jungle Lodge","description":"Cat Tien Jungle Lodge invites adventure travellers & everyone to discover nature\u2019s mysteries & appreciate its splendors. \u0110\u1ecba \u0111i\u1ec3m","robots":{"index":"index","follow":"follow","max-snippet":"max-snippet:-1","max-image-preview":"max-image-preview:large","max-video-preview":"max-video-preview:-1"},"canonical":"https:\/\/cattienjunglelodge.com\/vi\/dia-diem\/","og_locale":"vi_VN","og_type":"article","og_title":"\u0110\u1ecba \u0111i\u1ec3m - Cat Tien Jungle Lodge","og_description":"Cat Tien Jungle Lodge invites adventure travellers & everyone to discover nature\u2019s mysteries & appreciate its splendors. \u0110\u1ecba \u0111i\u1ec3m","og_url":"https:\/\/cattienjunglelodge.com\/vi\/dia-diem\/","og_site_name":"Cat Tien Jungle Lodge","article_modified_time":"2017-11-11T12:18:16+00:00","twitter_card":"summary_large_image","twitter_misc":{"Est. reading time":"8 minutes"},"schema":{"@context":"https:\/\/schema.org","@graph":[{"@type":"WebPage","@id":"https:\/\/cattienjunglelodge.com\/vi\/dia-diem\/","url":"https:\/\/cattienjunglelodge.com\/vi\/dia-diem\/","name":"\u0110\u1ecba \u0111i\u1ec3m - Cat Tien Jungle Lodge","isPartOf":{"@id":"https:\/\/cattienjunglelodge.com\/#website"},"datePublished":"2016-12-13T11:27:26+00:00","dateModified":"2017-11-11T12:18:16+00:00","description":"Cat Tien Jungle Lodge invites adventure travellers & everyone to discover nature\u2019s mysteries & appreciate its splendors. \u0110\u1ecba \u0111i\u1ec3m","breadcrumb":{"@id":"https:\/\/cattienjunglelodge.com\/vi\/dia-diem\/#breadcrumb"},"inLanguage":"vi","potentialAction":[{"@type":"ReadAction","target":["https:\/\/cattienjunglelodge.com\/vi\/dia-diem\/"]}]},{"@type":"BreadcrumbList","@id":"https:\/\/cattienjunglelodge.com\/vi\/dia-diem\/#breadcrumb","itemListElement":[{"@type":"ListItem","position":1,"name":"Home","item":"https:\/\/cattienjunglelodge.com\/vi\/"},{"@type":"ListItem","position":2,"name":"\u0110\u1ecba \u0111i\u1ec3m"}]},{"@type":"WebSite","@id":"https:\/\/cattienjunglelodge.com\/#website","url":"https:\/\/cattienjunglelodge.com\/","name":"Cat Tien Jungle Lodge","description":"Jungle and Nature in Vietnam","publisher":{"@id":"https:\/\/cattienjunglelodge.com\/#organization"},"potentialAction":[{"@type":"SearchAction","target":{"@type":"EntryPoint","urlTemplate":"https:\/\/cattienjunglelodge.com\/?s={search_term_string}"},"query-input":"required name=search_term_string"}],"inLanguage":"vi"},{"@type":"Organization","@id":"https:\/\/cattienjunglelodge.com\/#organization","name":"Cat Tien Jungle Lodge | Cat Tien Farm Stay","url":"https:\/\/cattienjunglelodge.com\/","logo":{"@type":"ImageObject","inLanguage":"vi","@id":"https:\/\/cattienjunglelodge.com\/#\/schema\/logo\/image\/","url":"https:\/\/cattienjunglelodge.com\/wp-content\/uploads\/2016\/09\/Logo-WWL-Border2-GBSilver.png","contentUrl":"https:\/\/cattienjunglelodge.com\/wp-content\/uploads\/2016\/09\/Logo-WWL-Border2-GBSilver.png","width":300,"height":112,"caption":"Cat Tien Jungle Lodge | Cat Tien Farm Stay"},"image":{"@id":"https:\/\/cattienjunglelodge.com\/#\/schema\/logo\/image\/"}}]}},"_links":{"self":[{"href":"https:\/\/cattienjunglelodge.com\/vi\/wp-json\/wp\/v2\/pages\/5698"}],"collection":[{"href":"https:\/\/cattienjunglelodge.com\/vi\/wp-json\/wp\/v2\/pages"}],"about":[{"href":"https:\/\/cattienjunglelodge.com\/vi\/wp-json\/wp\/v2\/types\/page"}],"author":[{"embeddable":true,"href":"https:\/\/cattienjunglelodge.com\/vi\/wp-json\/wp\/v2\/users\/1"}],"replies":[{"embeddable":true,"href":"https:\/\/cattienjunglelodge.com\/vi\/wp-json\/wp\/v2\/comments?post=5698"}],"version-history":[{"count":8,"href":"https:\/\/cattienjunglelodge.com\/vi\/wp-json\/wp\/v2\/pages\/5698\/revisions"}],"predecessor-version":[{"id":6258,"href":"https:\/\/cattienjunglelodge.com\/vi\/wp-json\/wp\/v2\/pages\/5698\/revisions\/6258"}],"wp:attachment":[{"href":"https:\/\/cattienjunglelodge.com\/vi\/wp-json\/wp\/v2\/media?parent=5698"}],"curies":[{"name":"wp","href":"https:\/\/api.w.org\/{rel}","templated":true}]}}