{"id":5702,"date":"2016-12-13T19:31:55","date_gmt":"2016-12-13T12:31:55","guid":{"rendered":"https:\/\/cattienjunglelodge.com\/vi\/?page_id=5702"},"modified":"2017-12-05T01:29:30","modified_gmt":"2017-12-04T18:29:30","slug":"lien-he","status":"publish","type":"page","link":"https:\/\/cattienjunglelodge.com\/vi\/lien-he\/","title":{"rendered":"Li\u00ean H\u1ec7"},"content":{"rendered":"<p>[et_pb_section admin_label=&#8221;section&#8221; background_image=&#8221;\/wp-content\/uploads\/2016\/08\/CTFS-Reception-overlay.jpg&#8221; transparent_background=&#8221;off&#8221; allow_player_pause=&#8221;off&#8221; inner_shadow=&#8221;off&#8221; parallax=&#8221;off&#8221; parallax_method=&#8221;off&#8221; padding_mobile=&#8221;on&#8221; make_fullwidth=&#8221;off&#8221; use_custom_width=&#8221;off&#8221; width_unit=&#8221;on&#8221; make_equal=&#8221;off&#8221; use_custom_gutter=&#8221;off&#8221; background_color=&#8221;#ffffff&#8221; custom_css_main_element=&#8221;height:100vh;&#8221; module_class=&#8221;contact-us-section&#8221;][et_pb_row admin_label=&#8221;Row&#8221; make_fullwidth=&#8221;off&#8221; use_custom_width=&#8221;off&#8221; width_unit=&#8221;on&#8221; use_custom_gutter=&#8221;off&#8221; custom_padding=&#8221;8%|||&#8221; padding_mobile=&#8221;off&#8221; allow_player_pause=&#8221;off&#8221; parallax=&#8221;off&#8221; parallax_method=&#8221;off&#8221; make_equal=&#8221;off&#8221; parallax_1=&#8221;off&#8221; parallax_method_1=&#8221;off&#8221; parallax_2=&#8221;off&#8221; parallax_method_2=&#8221;off&#8221; column_padding_mobile=&#8221;on&#8221; module_class=&#8221;contact-us&#8221;][et_pb_column type=&#8221;1_2&#8243;][et_pb_text admin_label=&#8221;CTJL General Info&#8221; background_layout=&#8221;light&#8221; text_orientation=&#8221;left&#8221; text_text_color=&#8221;#ffffff&#8221; use_border_color=&#8221;off&#8221; border_color=&#8221;#ffffff&#8221; border_style=&#8221;solid&#8221; module_class=&#8221;contact-info&#8221;]<\/p>\n<h1>C\u00c1T TI\u00caN JUNGLE LOGDE<\/h1>\n<p><span class=\"address\">854 \u1ea4p 4, X\u00e3 Nam C\u00e1t Ti\u00ean, Huy\u1ec7n T\u00e2n Ph\u00fa, Tinh \u0110\u1ed3ng Nai, Vi\u1ec7t Nam<\/span><br \/>\n<span class=\"phone-no\">+84.251.3664888<\/span><br \/>\n<span class=\"email\">info@wildworld.vn|ranger1@wildworld.vn<\/span><\/p>\n<p>[\/et_pb_text][\/et_pb_column][et_pb_column type=&#8221;1_2&#8243;][et_pb_contact_form admin_label=&#8221;Contact Form&#8221; captcha=&#8221;on&#8221; use_redirect=&#8221;on&#8221; success_message=&#8221;C\u1ea3m \u01a1n B\u1ea1n \u0111\u00e3 li\u00ean h\u1ec7 v\u1edbi ch\u00fang t\u00f4i. Ch\u00fang t\u00f4i s\u1ebd tr\u1ea3 l\u1eddi trong th\u1eddi gian s\u1edbm nh\u1ea5t!&#8221; input_border_radius=&#8221;0&#8243; use_border_color=&#8221;off&#8221; border_color=&#8221;#ffffff&#8221; border_style=&#8221;solid&#8221; custom_button=&#8221;on&#8221; button_letter_spacing=&#8221;0&#8243; button_use_icon=&#8221;default&#8221; button_icon_placement=&#8221;right&#8221; button_on_hover=&#8221;off&#8221; button_letter_spacing_hover=&#8221;0&#8243; form_background_color=&#8221;rgba(255,255,255,0.88)&#8221; button_text_color=&#8221;#9ec357&#8243; title_font_size=&#8221;30&#8243; module_class=&#8221;contact-form&#8221; title=&#8221;CONTACT US&#8221; redirect_url=&#8221;\/&#8221; title_text_color=&#8221;#ffffff&#8221; button_bg_color=&#8221;rgba(255,255,255,0.79)&#8221; email=&#8221;info@wildworld.vn&#8221; custom_message=&#8221;%%Message%%<br \/>\nPhone number is %%Phone%%<br \/>\nEmail is %%Email%%&#8221;]<\/p>\n<p>[et_pb_contact_field field_title=&#8221;T\u00ean C\u1ee7a B\u1ea1n&#8221; field_type=&#8221;input&#8221; field_id=&#8221;Name&#8221; required_mark=&#8221;on&#8221; fullwidth_field=&#8221;on&#8221; form_field_font_select=&#8221;default&#8221; form_field_font=&#8221;||||&#8221; use_border_color=&#8221;off&#8221; border_style=&#8221;solid&#8221;]<\/p>\n<p>[\/et_pb_contact_field][et_pb_contact_field field_id=&#8221;Phone&#8221; field_title=&#8221;S\u1ed1 \u0110i\u1ec7n Tho\u1ea1i&#8221; field_type=&#8221;input&#8221; required_mark=&#8221;on&#8221; fullwidth_field=&#8221;on&#8221; form_field_font_select=&#8221;default&#8221; form_field_font=&#8221;||||&#8221; use_border_color=&#8221;off&#8221; border_style=&#8221;solid&#8221;]<\/p>\n<p>[\/et_pb_contact_field][et_pb_contact_field field_title=&#8221;\u0110\u1ecba ch\u1ec9 Email&#8221; field_type=&#8221;email&#8221; field_id=&#8221;Email&#8221; required_mark=&#8221;on&#8221; fullwidth_field=&#8221;on&#8221; form_field_font_select=&#8221;default&#8221; form_field_font=&#8221;||||&#8221; use_border_color=&#8221;off&#8221; border_style=&#8221;solid&#8221;]<\/p>\n<p>[\/et_pb_contact_field][et_pb_contact_field field_title=&#8221;N\u1ed9i Dung&#8221; field_type=&#8221;text&#8221; field_id=&#8221;Message&#8221; required_mark=&#8221;on&#8221; fullwidth_field=&#8221;on&#8221; form_field_font_select=&#8221;default&#8221; form_field_font=&#8221;||||&#8221; use_border_color=&#8221;off&#8221; border_style=&#8221;solid&#8221;]<\/p>\n<p>[\/et_pb_contact_field]<\/p>\n<p>[\/et_pb_contact_form][\/et_pb_column][\/et_pb_row][\/et_pb_section]<\/p>\n","protected":false},"excerpt":{"rendered":"<p>[et_pb_section admin_label=&#8221;section&#8221; background_image=&#8221;\/wp-content\/uploads\/2016\/08\/CTFS-Reception-overlay.jpg&#8221; transparent_background=&#8221;off&#8221; allow_player_pause=&#8221;off&#8221; inner_shadow=&#8221;off&#8221; parallax=&#8221;off&#8221; parallax_method=&#8221;off&#8221; padding_mobile=&#8221;on&#8221; make_fullwidth=&#8221;off&#8221; use_custom_width=&#8221;off&#8221; width_unit=&#8221;on&#8221; make_equal=&#8221;off&#8221; use_custom_gutter=&#8221;off&#8221; background_color=&#8221;#ffffff&#8221; custom_css_main_element=&#8221;height:100vh;&#8221; module_class=&#8221;contact-us-section&#8221;][et_pb_row admin_label=&#8221;Row&#8221; make_fullwidth=&#8221;off&#8221; use_custom_width=&#8221;off&#8221; width_unit=&#8221;on&#8221; use_custom_gutter=&#8221;off&#8221; custom_padding=&#8221;8%|||&#8221; padding_mobile=&#8221;off&#8221; allow_player_pause=&#8221;off&#8221; parallax=&#8221;off&#8221; parallax_method=&#8221;off&#8221; make_equal=&#8221;off&#8221; parallax_1=&#8221;off&#8221; parallax_method_1=&#8221;off&#8221; parallax_2=&#8221;off&#8221; parallax_method_2=&#8221;off&#8221; column_padding_mobile=&#8221;on&#8221; module_class=&#8221;contact-us&#8221;][et_pb_column type=&#8221;1_2&#8243;][et_pb_text admin_label=&#8221;CTJL General Info&#8221; background_layout=&#8221;light&#8221; text_orientation=&#8221;left&#8221; text_text_color=&#8221;#ffffff&#8221; use_border_color=&#8221;off&#8221; border_color=&#8221;#ffffff&#8221; border_style=&#8221;solid&#8221; module_class=&#8221;contact-info&#8221;] C\u00c1T TI\u00caN JUNGLE LOGDE 854 \u1ea4p 4, X\u00e3 Nam C\u00e1t [&hellip;]<\/p>\n","protected":false},"author":1,"featured_media":0,"parent":0,"menu_order":0,"comment_status":"closed","ping_status":"closed","template":"","meta":{"footnotes":""},"class_list":["post-5702","page","type-page","status-publish","hentry"],"yoast_head":"<!-- This site is optimized with the Yoast SEO plugin v22.8 - https:\/\/yoast.com\/wordpress\/plugins\/seo\/ -->\n<title>Li\u00ean H\u1ec7 - Cat Tien Jungle Lodge<\/title>\n<meta name=\"description\" content=\"Cat Tien Jungle Lodge invites adventure travellers &amp; everyone to discover nature\u2019s mysteries &amp; appreciate its splendors. Li\u00ean H\u1ec7\" \/>\n<meta name=\"robots\" content=\"index, follow, max-snippet:-1, max-image-preview:large, max-video-preview:-1\" \/>\n<link rel=\"canonical\" href=\"https:\/\/cattienjunglelodge.com\/vi\/lien-he\/\" \/>\n<meta property=\"og:locale\" content=\"vi_VN\" \/>\n<meta property=\"og:type\" content=\"article\" \/>\n<meta property=\"og:title\" content=\"Li\u00ean H\u1ec7 - Cat Tien Jungle Lodge\" \/>\n<meta property=\"og:description\" content=\"Cat Tien Jungle Lodge invites adventure travellers &amp; everyone to discover nature\u2019s mysteries &amp; appreciate its splendors. Li\u00ean H\u1ec7\" \/>\n<meta property=\"og:url\" content=\"https:\/\/cattienjunglelodge.com\/vi\/lien-he\/\" \/>\n<meta property=\"og:site_name\" content=\"Cat Tien Jungle Lodge\" \/>\n<meta property=\"article:modified_time\" content=\"2017-12-04T18:29:30+00:00\" \/>\n<meta name=\"twitter:card\" content=\"summary_large_image\" \/>\n<meta name=\"twitter:label1\" content=\"Est. reading time\" \/>\n\t<meta name=\"twitter:data1\" content=\"2 minutes\" \/>\n<script type=\"application\/ld+json\" class=\"yoast-schema-graph\">{\"@context\":\"https:\/\/schema.org\",\"@graph\":[{\"@type\":\"WebPage\",\"@id\":\"https:\/\/cattienjunglelodge.com\/vi\/lien-he\/\",\"url\":\"https:\/\/cattienjunglelodge.com\/vi\/lien-he\/\",\"name\":\"Li\u00ean H\u1ec7 - Cat Tien Jungle Lodge\",\"isPartOf\":{\"@id\":\"https:\/\/cattienjunglelodge.com\/#website\"},\"datePublished\":\"2016-12-13T12:31:55+00:00\",\"dateModified\":\"2017-12-04T18:29:30+00:00\",\"description\":\"Cat Tien Jungle Lodge invites adventure travellers & everyone to discover nature\u2019s mysteries & appreciate its splendors. Li\u00ean H\u1ec7\",\"breadcrumb\":{\"@id\":\"https:\/\/cattienjunglelodge.com\/vi\/lien-he\/#breadcrumb\"},\"inLanguage\":\"vi\",\"potentialAction\":[{\"@type\":\"ReadAction\",\"target\":[\"https:\/\/cattienjunglelodge.com\/vi\/lien-he\/\"]}]},{\"@type\":\"BreadcrumbList\",\"@id\":\"https:\/\/cattienjunglelodge.com\/vi\/lien-he\/#breadcrumb\",\"itemListElement\":[{\"@type\":\"ListItem\",\"position\":1,\"name\":\"Home\",\"item\":\"https:\/\/cattienjunglelodge.com\/vi\/\"},{\"@type\":\"ListItem\",\"position\":2,\"name\":\"Li\u00ean H\u1ec7\"}]},{\"@type\":\"WebSite\",\"@id\":\"https:\/\/cattienjunglelodge.com\/#website\",\"url\":\"https:\/\/cattienjunglelodge.com\/\",\"name\":\"Cat Tien Jungle Lodge\",\"description\":\"Jungle and Nature in Vietnam\",\"publisher\":{\"@id\":\"https:\/\/cattienjunglelodge.com\/#organization\"},\"potentialAction\":[{\"@type\":\"SearchAction\",\"target\":{\"@type\":\"EntryPoint\",\"urlTemplate\":\"https:\/\/cattienjunglelodge.com\/?s={search_term_string}\"},\"query-input\":\"required name=search_term_string\"}],\"inLanguage\":\"vi\"},{\"@type\":\"Organization\",\"@id\":\"https:\/\/cattienjunglelodge.com\/#organization\",\"name\":\"Cat Tien Jungle Lodge | Cat Tien Farm Stay\",\"url\":\"https:\/\/cattienjunglelodge.com\/\",\"logo\":{\"@type\":\"ImageObject\",\"inLanguage\":\"vi\",\"@id\":\"https:\/\/cattienjunglelodge.com\/#\/schema\/logo\/image\/\",\"url\":\"https:\/\/cattienjunglelodge.com\/wp-content\/uploads\/2016\/09\/Logo-WWL-Border2-GBSilver.png\",\"contentUrl\":\"https:\/\/cattienjunglelodge.com\/wp-content\/uploads\/2016\/09\/Logo-WWL-Border2-GBSilver.png\",\"width\":300,\"height\":112,\"caption\":\"Cat Tien Jungle Lodge | Cat Tien Farm Stay\"},\"image\":{\"@id\":\"https:\/\/cattienjunglelodge.com\/#\/schema\/logo\/image\/\"}}]}<\/script>\n<!-- \/ Yoast SEO plugin. -->","yoast_head_json":{"title":"Li\u00ean H\u1ec7 - Cat Tien Jungle Lodge","description":"Cat Tien Jungle Lodge invites adventure travellers & everyone to discover nature\u2019s mysteries & appreciate its splendors. Li\u00ean H\u1ec7","robots":{"index":"index","follow":"follow","max-snippet":"max-snippet:-1","max-image-preview":"max-image-preview:large","max-video-preview":"max-video-preview:-1"},"canonical":"https:\/\/cattienjunglelodge.com\/vi\/lien-he\/","og_locale":"vi_VN","og_type":"article","og_title":"Li\u00ean H\u1ec7 - Cat Tien Jungle Lodge","og_description":"Cat Tien Jungle Lodge invites adventure travellers & everyone to discover nature\u2019s mysteries & appreciate its splendors. Li\u00ean H\u1ec7","og_url":"https:\/\/cattienjunglelodge.com\/vi\/lien-he\/","og_site_name":"Cat Tien Jungle Lodge","article_modified_time":"2017-12-04T18:29:30+00:00","twitter_card":"summary_large_image","twitter_misc":{"Est. reading time":"2 minutes"},"schema":{"@context":"https:\/\/schema.org","@graph":[{"@type":"WebPage","@id":"https:\/\/cattienjunglelodge.com\/vi\/lien-he\/","url":"https:\/\/cattienjunglelodge.com\/vi\/lien-he\/","name":"Li\u00ean H\u1ec7 - Cat Tien Jungle Lodge","isPartOf":{"@id":"https:\/\/cattienjunglelodge.com\/#website"},"datePublished":"2016-12-13T12:31:55+00:00","dateModified":"2017-12-04T18:29:30+00:00","description":"Cat Tien Jungle Lodge invites adventure travellers & everyone to discover nature\u2019s mysteries & appreciate its splendors. Li\u00ean H\u1ec7","breadcrumb":{"@id":"https:\/\/cattienjunglelodge.com\/vi\/lien-he\/#breadcrumb"},"inLanguage":"vi","potentialAction":[{"@type":"ReadAction","target":["https:\/\/cattienjunglelodge.com\/vi\/lien-he\/"]}]},{"@type":"BreadcrumbList","@id":"https:\/\/cattienjunglelodge.com\/vi\/lien-he\/#breadcrumb","itemListElement":[{"@type":"ListItem","position":1,"name":"Home","item":"https:\/\/cattienjunglelodge.com\/vi\/"},{"@type":"ListItem","position":2,"name":"Li\u00ean H\u1ec7"}]},{"@type":"WebSite","@id":"https:\/\/cattienjunglelodge.com\/#website","url":"https:\/\/cattienjunglelodge.com\/","name":"Cat Tien Jungle Lodge","description":"Jungle and Nature in Vietnam","publisher":{"@id":"https:\/\/cattienjunglelodge.com\/#organization"},"potentialAction":[{"@type":"SearchAction","target":{"@type":"EntryPoint","urlTemplate":"https:\/\/cattienjunglelodge.com\/?s={search_term_string}"},"query-input":"required name=search_term_string"}],"inLanguage":"vi"},{"@type":"Organization","@id":"https:\/\/cattienjunglelodge.com\/#organization","name":"Cat Tien Jungle Lodge | Cat Tien Farm Stay","url":"https:\/\/cattienjunglelodge.com\/","logo":{"@type":"ImageObject","inLanguage":"vi","@id":"https:\/\/cattienjunglelodge.com\/#\/schema\/logo\/image\/","url":"https:\/\/cattienjunglelodge.com\/wp-content\/uploads\/2016\/09\/Logo-WWL-Border2-GBSilver.png","contentUrl":"https:\/\/cattienjunglelodge.com\/wp-content\/uploads\/2016\/09\/Logo-WWL-Border2-GBSilver.png","width":300,"height":112,"caption":"Cat Tien Jungle Lodge | Cat Tien Farm Stay"},"image":{"@id":"https:\/\/cattienjunglelodge.com\/#\/schema\/logo\/image\/"}}]}},"_links":{"self":[{"href":"https:\/\/cattienjunglelodge.com\/vi\/wp-json\/wp\/v2\/pages\/5702"}],"collection":[{"href":"https:\/\/cattienjunglelodge.com\/vi\/wp-json\/wp\/v2\/pages"}],"about":[{"href":"https:\/\/cattienjunglelodge.com\/vi\/wp-json\/wp\/v2\/types\/page"}],"author":[{"embeddable":true,"href":"https:\/\/cattienjunglelodge.com\/vi\/wp-json\/wp\/v2\/users\/1"}],"replies":[{"embeddable":true,"href":"https:\/\/cattienjunglelodge.com\/vi\/wp-json\/wp\/v2\/comments?post=5702"}],"version-history":[{"count":5,"href":"https:\/\/cattienjunglelodge.com\/vi\/wp-json\/wp\/v2\/pages\/5702\/revisions"}],"predecessor-version":[{"id":6297,"href":"https:\/\/cattienjunglelodge.com\/vi\/wp-json\/wp\/v2\/pages\/5702\/revisions\/6297"}],"wp:attachment":[{"href":"https:\/\/cattienjunglelodge.com\/vi\/wp-json\/wp\/v2\/media?parent=5702"}],"curies":[{"name":"wp","href":"https:\/\/api.w.org\/{rel}","templated":true}]}}